{"id":4554,"date":"2025-08-03T14:25:21","date_gmt":"2025-08-03T14:25:21","guid":{"rendered":"https:\/\/avrasyahospital.com.tr\/global\/en\/?page_id=4554"},"modified":"2025-08-03T14:26:28","modified_gmt":"2025-08-03T14:26:28","slug":"kalite-politikamiz","status":"publish","type":"page","link":"https:\/\/avrasyahospital.com.tr\/global\/en\/kalite-politikamiz\/","title":{"rendered":"Kalite Politikam\u0131z"},"content":{"rendered":"\t\t<div data-elementor-type=\"wp-page\" data-elementor-id=\"4554\" class=\"elementor elementor-4554\">\n\t\t\t\t<div class=\"elementor-element elementor-element-6788561 e-flex e-con-boxed e-con e-parent\" data-id=\"6788561\" data-element_type=\"container\">\n\t\t\t\t\t<div class=\"e-con-inner\">\n\t\t\t\t<div class=\"elementor-element elementor-element-04759d5 elementor-widget elementor-widget-text-editor\" data-id=\"04759d5\" data-element_type=\"widget\" data-widget_type=\"text-editor.default\">\n\t\t\t\t\t\t\t\t\t<p><strong>\u201cH\u0130\u00c7B\u0130R \u015eEY \u0130NSAN VE SA\u011eLIK KADAR \u00d6NEML\u0130 DE\u011e\u0130LD\u0130R\u201d PRENS\u0130B\u0130YLE; YASAL \u015eARTLARA UYGUN OLARAK H\u0130ZMETTE KAL\u0130TE, HASTALARIMIZIN \u00dcST D\u00dcZEYDE TATM\u0130N\u0130 VE KURUMUMUZDA VER\u0130ML\u0130L\u0130K \u00d6NCEL\u0130\u011e\u0130M\u0130ZD\u0130R.<br \/><br \/><\/strong><\/p><ul><li>Hasta, \u00e7al\u0131\u015fan ve tesis g\u00fcvenli\u011fi \u00f6nceliklidir.<\/li><li>Hatalar\u0131n insanlardan de\u011fil s\u00fcre\u00e7lerden kaynakland\u0131\u011f\u0131n\u0131n bilincinde olarak, sistemimizi s\u00fcrekli g\u00f6zden ge\u00e7irme ve iyile\u015ftirme \u00e7al\u0131\u015fmalar\u0131na \u00f6nem veririz.<\/li><li>Toplam kalite anlay\u0131\u015f\u0131 do\u011frultusunda hastalar\u0131m\u0131z\u0131n beklenti ve memnuniyetine odakl\u0131 kalite bilinci daima \u00f6nceli\u011fimizdir.<\/li><li>Hastalar\u0131m\u0131z\u0131n ve tedarik\u00e7ilerimizin bize duyduklar\u0131 g\u00fcveni hi\u00e7bir zaman sarsmadan, d\u00fcr\u00fcst, kaliteli ve ekonomik sa\u011fl\u0131k hizmeti sunar\u0131z.<\/li><li>\u00c7al\u0131\u015fanlar\u0131m\u0131z\u0131n de\u011ferli olduklar\u0131 bilincinden hareket ile onlar\u0131 e\u011fitimlerle destekler, iyile\u015ftirme s\u00fcre\u00e7lerinde etkin olmalar\u0131n\u0131 sa\u011flar\u0131z.<\/li><li>\u00c7al\u0131\u015fanlar\u0131m\u0131z\u0131n gurur duyduklar\u0131 \u00e7al\u0131\u015fma ortam\u0131n\u0131 sa\u011flar, ba\u015far\u0131lar\u0131n\u0131 birlikte kutlar\u0131z..<\/li><li>Doktorlar\u0131m\u0131z\u0131 i\u015f ortaklar\u0131m\u0131z olarak kabul eder, iyile\u015ftirme s\u00fcre\u00e7lerinde daima birlikte hareket ederiz.<\/li><li>Teknolojik yenilikleri, bilimsel ve y\u00f6netsel geli\u015fmeleri s\u00fcrekli takip ederek hastalar\u0131m\u0131z\u0131n hizmetine sunar\u0131z.<\/li><li>Ulusal ve uluslar aras\u0131 sa\u011fl\u0131k ve e\u011fitim kurumlar\u0131yla stratejik i\u015fbirlikleri yaparak, g\u00fcncel bilgi, teknoloji ve metotlar\u0131 kullan\u0131r\u0131z.<\/li><li>Toplumun sa\u011fl\u0131k, e\u011fitim ve \u00e7evre sorunlar\u0131na duyarl\u0131 davran\u0131r, destekleyici faaliyetlerde yer al\u0131r\u0131z.<\/li><li>Kurumsal ve mesleki etik ilkeler do\u011frultusunda kaliteli sa\u011fl\u0131k hizmeti \u00fcretir ve sunar\u0131z.<\/li><\/ul>\t\t\t\t\t\t\t\t<\/div>\n\t\t\t\t\t<\/div>\n\t\t\t\t<\/div>\n\t\t\t\t<\/div>\n\t\t","protected":false},"excerpt":{"rendered":"<p>\u201cH\u0130\u00c7B\u0130R \u015eEY \u0130NSAN VE SA\u011eLIK KADAR \u00d6NEML\u0130 DE\u011e\u0130LD\u0130R\u201d PRENS\u0130B\u0130YLE; YASAL \u015eARTLARA UYGUN OLARAK H\u0130ZMETTE KAL\u0130TE, HASTALARIMIZIN \u00dcST D\u00dcZEYDE TATM\u0130N\u0130 VE KURUMUMUZDA VER\u0130ML\u0130L\u0130K \u00d6NCEL\u0130\u011e\u0130M\u0130ZD\u0130R. Hasta, \u00e7al\u0131\u015fan ve tesis [&hellip;]<\/p>\n","protected":false},"author":1,"featured_media":0,"parent":0,"menu_order":0,"comment_status":"closed","ping_status":"closed","template":"","meta":{"footnotes":""},"class_list":["post-4554","page","type-page","status-publish","hentry"],"_links":{"self":[{"href":"https:\/\/avrasyahospital.com.tr\/global\/en\/wp-json\/wp\/v2\/pages\/4554","targetHints":{"allow":["GET"]}}],"collection":[{"href":"https:\/\/avrasyahospital.com.tr\/global\/en\/wp-json\/wp\/v2\/pages"}],"about":[{"href":"https:\/\/avrasyahospital.com.tr\/global\/en\/wp-json\/wp\/v2\/types\/page"}],"author":[{"embeddable":true,"href":"https:\/\/avrasyahospital.com.tr\/global\/en\/wp-json\/wp\/v2\/users\/1"}],"replies":[{"embeddable":true,"href":"https:\/\/avrasyahospital.com.tr\/global\/en\/wp-json\/wp\/v2\/comments?post=4554"}],"version-history":[{"count":5,"href":"https:\/\/avrasyahospital.com.tr\/global\/en\/wp-json\/wp\/v2\/pages\/4554\/revisions"}],"predecessor-version":[{"id":4559,"href":"https:\/\/avrasyahospital.com.tr\/global\/en\/wp-json\/wp\/v2\/pages\/4554\/revisions\/4559"}],"wp:attachment":[{"href":"https:\/\/avrasyahospital.com.tr\/global\/en\/wp-json\/wp\/v2\/media?parent=4554"}],"curies":[{"name":"wp","href":"https:\/\/api.w.org\/{rel}","templated":true}]}}