{"id":1985,"date":"2022-01-04T01:44:23","date_gmt":"2022-01-04T01:44:23","guid":{"rendered":"https:\/\/themesflat.com\/carenowwp\/?page_id=1985"},"modified":"2025-08-03T14:22:12","modified_gmt":"2025-08-03T14:22:12","slug":"kisisel-verilerin-korunmasi-kanunu","status":"publish","type":"page","link":"https:\/\/avrasyahospital.com.tr\/global\/tr\/kisisel-verilerin-korunmasi-kanunu\/","title":{"rendered":"Ki\u015fisel Verilerin Korunmas\u0131 Kanunu"},"content":{"rendered":"\t\t<div data-elementor-type=\"wp-page\" data-elementor-id=\"1985\" class=\"elementor elementor-1985\">\n\t\t\t\t<div class=\"elementor-element elementor-element-a092b56 e-flex e-con-boxed e-con e-parent\" data-id=\"a092b56\" data-element_type=\"container\">\n\t\t\t\t\t<div class=\"e-con-inner\">\n\t\t\t\t<div class=\"elementor-element elementor-element-85efdcf elementor-widget elementor-widget-text-editor\" data-id=\"85efdcf\" data-element_type=\"widget\" data-widget_type=\"text-editor.default\">\n\t\t\t\t\t\t\t\t\t<p><strong>\u00d6ZEL AVRASYA HASTANES\u0130 ZEYT\u0130NBURNU 6698 SAYILI K\u0130\u015e\u0130SEL VER\u0130LER\u0130N KORUNMASI MEVZUATI UYARINCA AYDINLATMA METN\u0130<\/strong><\/p><p>Ki\u015fisel verilerin i\u015flenmesinde ba\u015fta \u00f6zel hayat\u0131n gizlili\u011fi olmak \u00fczere ki\u015filerin temel hak ve \u00f6zg\u00fcrl\u00fcklerini korumak ve ki\u015fisel verileri i\u015fleyen ger\u00e7ek ve t\u00fczel ki\u015filerin y\u00fck\u00fcml\u00fcl\u00fckleri belirlemek amac\u0131yla 7 Nisan 2016 tarihli ve 29677 Say\u0131l\u0131 Resm\u00ee Gazete\u2019 de yay\u0131mlanan 6698 say\u0131l\u0131 Ki\u015fisel Verilerin Korunmas\u0131 Kanunu (bundan b\u00f6yle \u201cKVK Kanunu\u201d olarak ifade edilecektir) hususunda URLU SA\u011eLIK H\u0130ZMETLER\u0130 VE T\u0130CARET\u00a0 VE A.\u015e. (bundan b\u00f6yle \u201c\u00d6zel Avrasya Hastanesi\u201d veya \u201cHastane\u201d olarak ifade edilecektir) olarak Veri Sorumlusu s\u0131fat\u0131yla kanunun \u201cVeri Sorumlusunun Ayd\u0131nlatma Y\u00fck\u00fcml\u00fcl\u00fc\u011f\u00fc\u201d ba\u015fl\u0131kl\u0131 10. maddesi uyar\u0131nca sizleri bilgilendirmek isteriz.<\/p><p>Hastanemiz, ki\u015fisel verilerin g\u00fcvenli\u011fi hususuna azami hassasiyet g\u00f6stermektedir. Bu bilin\u00e7le ki\u015fisel veri sahiplerinin ki\u015fisel verilerini a\u015fa\u011f\u0131da izah edildi\u011fi surette ve mevzuat taraf\u0131ndan emredilen s\u0131n\u0131rlar \u00e7er\u00e7evesinde i\u015flemekteyiz.<\/p><p><strong>1- Veri Sorumlusu Hakk\u0131nda<br \/><\/strong>KVK Kanunu uyar\u0131nca, hastane olarak, Veri Sorumlusu s\u0131fat\u0131yla, ki\u015fisel verilerinizi a\u015fa\u011f\u0131da a\u00e7\u0131klanan ama\u00e7lar kapsam\u0131nda; hukuka ve d\u00fcr\u00fcstl\u00fck kurallar\u0131na uygun bir \u015fekilde i\u015fleyebilecek, kaydedebilecek, saklayabilecek, s\u0131n\u0131fland\u0131rabilecek, g\u00fcncelleyebilecek ve mevzuat\u0131n izin verdi\u011fi hallerde ve\/veya i\u015flendikleri ama\u00e7la s\u0131n\u0131rl\u0131 olarak 3. ki\u015filere veya yurt d\u0131\u015f\u0131na a\u00e7\u0131klayabilecek\/aktarabilecektir.<\/p><p><strong>2- Ki\u015fisel Verilerin Toplanmas\u0131, \u0130\u015flenmesi ve \u0130\u015fleme Ama\u00e7lar\u0131<br \/><\/strong>Ki\u015fisel verileriniz, Hastanemiz taraf\u0131ndan sa\u011flanan hizmetlerin ve hastanemizin ticari faaliyetlerine ba\u011fl\u0131 olarak de\u011fi\u015fkenlik g\u00f6sterebilmekle birlikte; otomatik ya da otomatik olmayan y\u00f6ntemlerle, onay ve\/veya imzan\u0131zla tanzim edilen i\u015flemlere ili\u015fkin t\u00fcm s\u00f6zle\u015fmeler\/bilgilendirme formlar\u0131 ve sair belgelerle, Hastane birimleri ve b\u00f6l\u00fcmleri, \u00e7a\u011fr\u0131 merkezi, internet sitesi, sosyal medya mecralar\u0131, mobil uygulamalar ve benzeri vas\u0131talarla s\u00f6zl\u00fc, yaz\u0131l\u0131 ya da elektronik olarak toplanabilecektir.<\/p><p>Bu kapsamda t\u00fcm t\u0131bb\u00ee te\u015fhis, muayene, tedavi ve bak\u0131m hizmetlerinin y\u00fcr\u00fct\u00fclmesi i\u00e7in gerekli olan ve bu ama\u00e7la elde edilen ki\u015fisel sa\u011fl\u0131k verisi ba\u015fta olmak \u00fczere, ki\u015fisel verileriniz ile \u00f6zel nitelikli ki\u015fisel verileriniz a\u015fa\u011f\u0131da s\u0131ralanm\u0131\u015ft\u0131r;<\/p><ul><li>Ad\u0131n\u0131z, soyad\u0131n\u0131z, TC kimlik numaran\u0131z, T\u00fcrk vatanda\u015f\u0131 olmaman\u0131z halinde pasaport numaran\u0131z veya ge\u00e7ici TC kimlik numaran\u0131z, do\u011fum yeri ve tarihiniz, medeni haliniz, cinsiyet bilginiz gibi kimlik verileriniz ve ibraz etti\u011finiz TC Kimlik Kart\u0131 ya da Ehliyet fotokopiniz,<\/li><li>Adresiniz, Telefon numaran\u0131z, Elektronik posta adresiniz gibi ileti\u015fim verileriniz,<\/li><li>Banka hesap numaran\u0131z, IBAN numaran\u0131z gibi finansal verileriniz,<\/li><li>Dosyan\u0131zda takip edilmesi amac\u0131yla sundu\u011funuz laboratuvar ve g\u00f6r\u00fcnt\u00fcleme sonu\u00e7lar\u0131n\u0131z, test sonu\u00e7lar\u0131n\u0131z, muayene verileriniz, re\u00e7ete bilgileriniz gibi t\u0131bbi te\u015fhis, tedavi ve bak\u0131m hizmetlerinin y\u00fcr\u00fct\u00fclmesi s\u0131ras\u0131nda elde edilen sa\u011fl\u0131k ve cinsel hayata ili\u015fkin verileriniz,<\/li><li>Hizmetlerimizi de\u011ferlendirmek amac\u0131 ile payla\u015ft\u0131\u011f\u0131n\u0131z yan\u0131t ve yorumlar\u0131n\u0131z,<\/li><li>Hastanelerimizi ziyaretiniz s\u0131ras\u0131nda al\u0131nan kapal\u0131 devre kamera sistemi g\u00f6r\u00fcnt\u00fc kay\u0131tlar\u0131n\u0131z,<\/li><li>Acil servis s\u0131n\u0131rlar\u0131 i\u00e7erisinde hasta ve ziyaret\u00e7i olman\u0131z durumunda kapal\u0131 devre kamera sistemi ile al\u0131nan g\u00f6r\u00fcnt\u00fc ve ses kay\u0131tlar\u0131n\u0131z,<\/li><li>\u00c7a\u011fr\u0131 Merkezimiz ile ileti\u015fime ge\u00e7ti\u011finiz takdirde tutulan sesli g\u00f6r\u00fc\u015fme kay\u0131tlar\u0131n\u0131z,<\/li><li>Sa\u011fl\u0131k hizmetlerinin finansman\u0131 ve planlamas\u0131 amac\u0131yla \u00f6zel sa\u011fl\u0131k sigortas\u0131na ili\u015fkin verileriniz ve Sosyal G\u00fcvenlik Kurumu verileriniz,<\/li><li>Web sitemizin\u00a0 kullan\u0131m\u0131 s\u0131ras\u0131nda elde edilen gezinme bilgileri, IP adresi, taray\u0131c\u0131 bilgileri ve kendi r\u0131zan\u0131z ile iletti\u011finiz t\u0131bbi belgeler, anketler, form bilgileriniz ve konum verileriniz.Toplanan ki\u015fisel verileriniz, KVK Kanunu taraf\u0131ndan \u00f6ng\u00f6r\u00fclen temel ilkelere uygun olarak ve KVK Kanunu\u2019nun 5. ve 6. maddelerinde belirtilen Ki\u015fisel Veri \u0130\u015fleme \u015fartlar\u0131 ve ama\u00e7lar\u0131 d\u00e2hilinde, hastanemiz taraf\u0131ndan a\u015fa\u011f\u0131da yer alan ama\u00e7larla i\u015flenebilmektedir:<\/li><li>Kamu sa\u011fl\u0131\u011f\u0131n\u0131n korunmas\u0131, koruyucu hekimlik, t\u0131bb\u00ee te\u015fhis, tedavi ve bak\u0131m hizmetlerinin y\u00fcr\u00fct\u00fclmesi,<\/li><li>\u0130lgili mevzuat uyar\u0131nca Sa\u011fl\u0131k Bakanl\u0131\u011f\u0131 ve di\u011fer kamu kurum ve kurulu\u015flar\u0131 ile talep edilen bilgilerin payla\u015f\u0131lmas\u0131,<\/li><li>Yasal ve d\u00fczenleyici gereksinimlerin yerine getirilmesi,<\/li><li>Genel Muhasebe, Medikal Muhasebe, Hasta Dan\u0131\u015fmanl\u0131k birimleri taraf\u0131ndan sa\u011fl\u0131k hizmetlerinizin finansman\u0131, tetkik, te\u015fhis ve tedavi giderlerinizin kar\u015f\u0131lanmas\u0131, m\u00fcstehakl\u0131k sorgusu kapsam\u0131nda \u00f6zel sigorta \u015firketler ile talep edilen bilgilerin payla\u015f\u0131lmas\u0131,<\/li><li>\u00c7a\u011fr\u0131 Merkezi ve Dijital Kanallar\u0131m\u0131z arac\u0131l\u0131\u011f\u0131 ile randevunuz hakk\u0131nda sizi bilgilendirme,<\/li><li>Hasta Dan\u0131\u015fmanl\u0131k, Halkla \u0130li\u015fkiler birimleri, Sa\u011fl\u0131k Profesyonellerimiz ve \u00c7a\u011fr\u0131 Merkezi b\u00f6l\u00fcmleri taraf\u0131ndan kimli\u011finizin teyit edilmesi,<\/li><li>Hastane Y\u00f6netimi taraf\u0131ndan kurum i\u00e7 i\u015fleyi\u015finin planlanmas\u0131 ve y\u00f6netilmesi,<\/li><li>Kalite, Hasta Dan\u0131\u015fmanl\u0131k, Halkla \u0130li\u015fkiler, Bilgi \u0130\u015flem birimleri taraf\u0131ndan sa\u011fl\u0131k hizmetlerini geli\u015ftirme amac\u0131yla analiz yap\u0131lmas\u0131,<\/li><li>Denetim ve Bilgi \u0130\u015flem birimleri taraf\u0131ndan suiistimal ve yetkisiz i\u015flemlerin izlenmesi ve engellenmesi,<\/li><li>Kalite, Bilgi \u0130\u015flem birimleri taraf\u0131ndan risk y\u00f6netimi ve kalite geli\u015ftirme aktivitelerinin yerine getirilmesi,<\/li><li>Genel Muhasebe, Medikal Muhasebe, Hasta Dan\u0131\u015fmanl\u0131k birimleri taraf\u0131ndan hizmetlerimiz kar\u015f\u0131l\u0131\u011f\u0131nda faturaland\u0131rma yap\u0131lmas\u0131,<\/li><li>Genel Muhasebe, Medikal Muhasebe, Hasta Dan\u0131\u015fmanl\u0131k birimleri taraf\u0131ndan hastanemiz ile anla\u015fmal\u0131 olan kurumlarla ili\u015fkinizin teyit edilmesi,<\/li><li>Hastane Y\u00f6netimi, Hasta Dan\u0131\u015fmanl\u0131k, Halkla \u0130li\u015fkiler, \u00c7a\u011fr\u0131 Merkezi birimleri taraf\u0131ndan sa\u011fl\u0131k hizmetlerimize ili\u015fkin her t\u00fcrl\u00fc soru ve \u015fik\u00e2yetinize cevap verilebilmesi,<\/li><li>Hastane Y\u00f6netimi, Bilgi \u0130\u015flem birimleri taraf\u0131ndan hastanemiz sistem ve uygulamalar\u0131n\u0131n veri g\u00fcvenli\u011fi kapsam\u0131nda t\u00fcm gerekli teknik ve idari tedbirlerin al\u0131nmas\u0131,<\/li><li>Pazarlama, Medya ve \u0130leti\u015fim, \u00c7a\u011fr\u0131 Merkezi b\u00f6l\u00fcmleri taraf\u0131ndan kampanyalara kat\u0131l\u0131m ve kampanya bilgisi verilmesi, Web ve mobil kanallarda \u00f6zel i\u00e7eriklerin, somut ve soyut faydalar\u0131n tasarlanmas\u0131 ve iletilebilmesi,<\/li><li>Hastane Y\u00f6netimi, Hasta Dan\u0131\u015fmanl\u0131k, Halkla \u0130li\u015fkiler ve Kalite birimleri taraf\u0131ndan hasta memnuniyetinin \u00f6l\u00e7\u00fclmesi, artt\u0131r\u0131lmas\u0131 ve ara\u015ft\u0131r\u0131lmas\u0131,<\/li><li>Kurumun i\u015f birli\u011fi i\u00e7erisinde oldu\u011fu e\u011fitim kurumlar\u0131 taraf\u0131ndan e\u011fitim ve \u00f6\u011fretim faaliyetlerinin yerine getirilebilmesi,<\/li><li>Hastanemizin insan kaynaklar\u0131 politikalar\u0131 ve s\u00fcre\u00e7lerinin planlanmas\u0131 ve icra edilmesi,<\/li><li>Hastane taraf\u0131ndan sunulan \u00fcr\u00fcn ve hizmetlerden ilgili ki\u015fileri faydaland\u0131rmak i\u00e7in gerekli \u00e7al\u0131\u015fmalar\u0131n i\u015f birimlerimiz taraf\u0131ndan yap\u0131lmas\u0131 ve ilgili i\u015f s\u00fcre\u00e7lerinin y\u00fcr\u00fct\u00fclmesi,<\/li><li>Hastane taraf\u0131ndan sunulan \u00fcr\u00fcn ve hizmetlerin ilgili ki\u015filerin be\u011feni, kullan\u0131m al\u0131\u015fkanl\u0131klar\u0131 ve ihtiya\u00e7lar\u0131na g\u00f6re \u00f6zelle\u015ftirilerek ilgili ki\u015filere \u00f6nerilmesi ve tan\u0131t\u0131lmas\u0131 i\u00e7in gerekli olan aktivitelerin planlanmas\u0131 ve icras\u0131,<\/li><li>Hastane taraf\u0131ndan y\u00fcr\u00fct\u00fclen ticari faaliyetlerin ger\u00e7ekle\u015ftirilmesi i\u00e7in ilgili i\u015f birimlerimiz taraf\u0131ndan gerekli \u00e7al\u0131\u015fmalar\u0131n yap\u0131lmas\u0131 ve buna ba\u011fl\u0131 i\u015f s\u00fcre\u00e7lerinin y\u00fcr\u00fct\u00fclmesi,<\/li><li>Hastane ticari ve\/veya i\u015f stratejilerinin planlanmas\u0131 ve icras\u0131,<\/li><li>Hastane ve Hastane ile i\u015f ili\u015fkisi i\u00e7erisinde olan ilgili ki\u015filerin hukuki, teknik ve ticari-i\u015f g\u00fcvenli\u011finin temini.<\/li><\/ul><p>Yukar\u0131da belirtilen \u201cKi\u015fisel ve \u00d6zel Nitelikli Verileriniz\u201d Hastane ve d\u0131\u015f hizmet sa\u011flay\u0131c\u0131lar\u0131n b\u00fcnyesinde fiziki ve elektronik ar\u015fivlerde b\u00fcy\u00fck bir titizlik ve mevzuat h\u00fck\u00fcmlerine riayet edilerek muhafaza edilebilecektir.<\/p><p><strong>3- \u0130\u015flenen Ki\u015fisel Verilerin Kimlere ve Hangi Ama\u00e7la Aktar\u0131labilece\u011fi<\/strong><br \/>Hastanemiz taraf\u0131ndan toplanan ki\u015fisel verileriniz; 3359 say\u0131l\u0131 Sa\u011fl\u0131k Hizmetleri Temel Kanunu, 663 say\u0131l\u0131 Sa\u011fl\u0131k Bakanl\u0131\u011f\u0131 ve Ba\u011fl\u0131 Kurulu\u015flar\u0131n\u0131n Te\u015fkilat ve G\u00f6revleri Hakk\u0131nda Kanun H\u00fckm\u00fcnde Kararname, 6698 Say\u0131l\u0131 Ki\u015fisel Verilerin Korunmas\u0131 Kanunu, \u00d6zel Hastaneler Y\u00f6netmeli\u011fi, Ki\u015fisel Sa\u011fl\u0131k Verilerinin \u0130\u015flenmesi ve Mahremiyetinin Korunmas\u0131 Y\u00f6netmeli\u011fi ve Sa\u011fl\u0131k Bakanl\u0131\u011f\u0131 d\u00fczenlemeleri ve sair mevzuat h\u00fck\u00fcmleri \u00e7er\u00e7evesinde 6698 say\u0131l\u0131 KVK Kanunu\u2019nun 5. ve 6. maddelerinde belirtilen Ki\u015fisel Veri \u0130\u015fleme \u015fartlar\u0131 kapsam\u0131nda ve i\u015fbu dok\u00fcmanda belirtilmi\u015f ama\u00e7larla s\u0131n\u0131rl\u0131 olarak, KVK Kanunu\u2019nun 8. ve 9. maddelerine uygun olmak suretiyle 3. ki\u015fi ve kurumlara aktar\u0131labilecektir.<\/p><ul><li>Sa\u011fl\u0131k Bakanl\u0131\u011f\u0131, bakanl\u0131\u011fa ba\u011fl\u0131 alt birimler ve aile hekimli\u011fi merkezleri,<\/li><li>\u00d6zel sigorta \u015firketleri (sa\u011fl\u0131k, emeklilik, hayat sigortas\u0131 ve benzeri),<\/li><li>Sosyal G\u00fcvenlik Kurumu,<\/li><li>Emniyet Genel M\u00fcd\u00fcrl\u00fc\u011f\u00fc ve di\u011fer kolluk kuvvetleri,<\/li><li>N\u00fcfus Genel M\u00fcd\u00fcrl\u00fc\u011f\u00fc,<\/li><li>T\u00fcrkiye Eczac\u0131lar Birli\u011fi,<\/li><li>Di\u015f Hekimleri Odas\u0131,<\/li><li>T\u00fcrkiye Tabipler Birli\u011fi,<\/li><li>Adli makamlar,<\/li><li>Ekonomi ve Ticaret Bakanl\u0131\u011f\u0131,<\/li><li>Kalk\u0131nma Ajans\u0131,<\/li><li>T\u0131bbi te\u015fhis ve tedavi i\u00e7in i\u015f birli\u011fi i\u00e7erisinde oldu\u011fumuz yurt i\u00e7inde veya yurt d\u0131\u015f\u0131nda bulunan laboratuvarlar, t\u0131p merkezleri, ambulans, t\u0131bbi cihaz ve sa\u011fl\u0131k hizmeti sunan kurumlar,<\/li><li>Hastan\u0131n sevk edildi\u011fi veya hastan\u0131n kendisinin ba\u015fvurdu\u011fu sa\u011fl\u0131k kurulu\u015fu,<\/li><li>Yetki vermi\u015f oldu\u011funuz kanuni temsilcileriniz,<\/li><li>\u00c7al\u0131\u015fmakta oldu\u011fumuz avukatlar, vergi dan\u0131\u015fmanlar\u0131 ve denet\u00e7iler de d\u00e2hil olmak \u00fczere dan\u0131\u015fmanl\u0131k ald\u0131\u011f\u0131m\u0131z \u00fc\u00e7\u00fcnc\u00fc ki\u015filer,<\/li><li>D\u00fczenleyici ve denetleyici kurumlar ve resmi merciler,<\/li><\/ul><p>\u0130\u015fvereniniz ile Hizmetlerinden faydaland\u0131\u011f\u0131m\u0131z veya i\u015fbirli\u011fi i\u00e7erisinde oldu\u011fumuz tedarik\u00e7ilerimiz, destek hizmet sa\u011flay\u0131c\u0131lar\u0131m\u0131z, ar\u015fiv hizmeti sa\u011flay\u0131c\u0131lar\u0131m\u0131z ve i\u015f ortaklar\u0131m\u0131z (daha detayl\u0131 bilgi i\u00e7in hastanemize yaz\u0131l\u0131 ba\u015fvurarak bilgi edinebilirsiniz.) ile payla\u015f\u0131labilecektir.<\/p><p><strong>Yurtd\u0131\u015f\u0131na Veri Aktar\u0131m\u0131:<\/strong>\u00a0Hastanemiz taraf\u0131ndan ki\u015fisel verileriniz, KVK Kanunun 4(2) maddesindeki \u00f6ng\u00f6r\u00fclen ilkeler \u0131\u015f\u0131\u011f\u0131nda a\u00e7\u0131k r\u0131za temini suretiyle veya 5(2) ve 6(3) maddelerinde \u00f6ng\u00f6r\u00fclen durumlar\u0131n varl\u0131\u011f\u0131 halinde, a\u00e7\u0131k r\u0131za temin edilmeksizin ve kanunun 9. maddesindeki kurallar uyar\u0131nca, Ki\u015fisel Verileri Koruma Kurulu (\u201cKurul\u201d) taraf\u0131ndan tespit edilecek yeterli korumaya sahip yabanc\u0131 \u00fclkeler ilan edildikten sonra sadece bu \u00fclkelerde yerle\u015fik ki\u015fi ve kurulu\u015flara, yeterli koruman\u0131n bulunmad\u0131\u011f\u0131 tespit ve ilan edilen \u00fclkeler i\u00e7in ise, T\u00fcrkiye\u2019deki ve ilgili yabanc\u0131 \u00fclkedeki veri sorumlular\u0131n\u0131n yeterli bir korumay\u0131 yaz\u0131l\u0131 olarak taahh\u00fct etti\u011fi ve ilgili aktar\u0131m a\u00e7\u0131s\u0131ndan Kurul\u2019un izninin temin edilebildi\u011fi hallerle s\u0131n\u0131rl\u0131 olmak kayd\u0131yla aktar\u0131labilecektir.<\/p><ol><li><strong>Ki\u015fisel Verilerinizi Toplamam\u0131z\u0131n Y\u00f6ntemi ve Hukuki Sebebi Nedir?<\/strong><\/li><\/ol><p>Ki\u015fisel verileriniz, her t\u00fcrl\u00fc s\u00f6zl\u00fc, yaz\u0131l\u0131 ya da elektronik ortamda, yukar\u0131da yer verilen ama\u00e7lar do\u011frultusunda hizmetlerimizin sunulabilmesi ve bu kapsamda hastanemiz s\u00f6zle\u015fme ve yasadan do\u011fan mesuliyetlerini eksiksiz ve do\u011fru bir \u015fekilde yerine getirebilmesi gayesi ile edinilir.<\/p><p>Bu y\u00f6ntemlerle toplanan ki\u015fisel verileriniz, KVK Kanunu taraf\u0131ndan \u00f6ng\u00f6r\u00fclen temel ilkelere uygun olarak, KVK Kanunu\u2019nun 5. ve 6. maddelerinde belirtilen Ki\u015fisel Veri \u0130\u015fleme \u015fartlar\u0131 ve ama\u00e7lar\u0131 kapsam\u0131nda bu metnin (2) ve (3) numaral\u0131 maddelerinde belirtilen ama\u00e7larla da i\u015flenebilmekte ve aktar\u0131labilmektedir.<\/p><p><strong>Hukuki Sebepler;<br \/><\/strong><\/p><ul><li>Ki\u015fisel Sa\u011fl\u0131k Verilerinin \u0130\u015flenmesi ve Mahremiyetinin Korunmas\u0131 Y\u00f6netmeli\u011fi<\/li><li>663 say\u0131l\u0131 Sa\u011fl\u0131k Bakanl\u0131\u011f\u0131 ve Ba\u011fl\u0131 Kurulu\u015flar\u0131n\u0131n Te\u015fkilat ve G\u00f6revleri Hakk\u0131nda Kanun<\/li><li>3359 Say\u0131l\u0131 Sa\u011fl\u0131k Hizmetleri Temel Kanunu<\/li><li>\u00d6zel Hastaneler Y\u00f6netmeli\u011fi<\/li><li>1219 Say\u0131l\u0131 Tababet ve \u015euabat\u0131 San\u2019atlar\u0131n\u0131n Tarz\u0131 \u0130cras\u0131na Dair Kanun<\/li><li>5258 Aile Hekimli\u011fi Pilot Uygulamas\u0131 Hakk\u0131nda Kanun<\/li><li>5510 Sosyal Sigortalar ve Genel Sa\u011fl\u0131k Sigortas\u0131 Kanunu<\/li><li>2918 Karayollar\u0131 Trafik Kanunu (S\u00fcr\u00fcc\u00fc Psikoteknik De\u011ferlendirme)<\/li><li>5684 Say\u0131l\u0131 Sigortac\u0131l\u0131k Kanunu<\/li><li>5188 Say\u0131l\u0131 \u00d6zel G\u00fcvenlik Hizmetlerine Dair Kanun<\/li><li>6311 Say\u0131l\u0131 \u0130\u015f Sa\u011fl\u0131\u011f\u0131 ve G\u00fcvenli\u011fi<\/li><li>5237 Say\u0131l\u0131 T\u00fcrk Ceza Kanunu<\/li><li>4721 Say\u0131l\u0131 Medeni Kanun<\/li><li>Sa\u011fl\u0131k Bakanl\u0131\u011f\u0131 d\u00fczenlemeleri ve sair mevzuat h\u00fck\u00fcmleridir.<\/li><\/ul><p>Ayr\u0131ca, Kanun\u2019un 6. maddesi 3. f\u0131kras\u0131nda da belirtildi\u011fi \u00fczere sa\u011fl\u0131k ve cinsel hayata ili\u015fkin ki\u015fisel veriler ise ancak kamu sa\u011fl\u0131\u011f\u0131n\u0131n korunmas\u0131, koruyucu hekimlik, t\u0131bb\u0131 te\u015fhis, tedavi ve bak\u0131m hizmetlerinin y\u00fcr\u00fct\u00fclmesi, sa\u011fl\u0131k hizmetleri ile finansman\u0131n\u0131n planlanmas\u0131 ve y\u00f6netimi amac\u0131yla, s\u0131r saklama y\u00fck\u00fcml\u00fcl\u00fc\u011f\u00fc alt\u0131nda bulunan ki\u015filer veya yetkili kurum ve kurulu\u015flar taraf\u0131ndan ilgilinin a\u00e7\u0131k r\u0131zas\u0131 aranmaks\u0131z\u0131n i\u015flenebilir.<\/p><p><strong>5- Veri Sahibi Olarak KVK Kanunu\u2019nun 11. Maddesinde Say\u0131lan Haklar\u0131n\u0131z Nelerdir?<\/strong><\/p><p>Ki\u015fisel verisi i\u015flenen ger\u00e7ek ki\u015filerin KVK Kanunu\u2019nun 11. maddesi uyar\u0131nca sahip oldu\u011fu haklar a\u015fa\u011f\u0131daki gibidir;<\/p><ul><li>Ki\u015fisel veri i\u015flenip i\u015flenmedi\u011fini \u00f6\u011frenme,<\/li><li>Ki\u015fisel verileri i\u015flenmi\u015fse buna ili\u015fkin bilgi talep etme,<\/li><li>Ki\u015fisel verilerin i\u015flenme amac\u0131n\u0131 ve bunlar\u0131n amac\u0131na uygun kullan\u0131l\u0131p kullan\u0131lmad\u0131\u011f\u0131n\u0131 \u00f6\u011frenme,<\/li><li>Yurt i\u00e7inde veya yurt d\u0131\u015f\u0131nda ki\u015fisel verilerin aktar\u0131ld\u0131\u011f\u0131 \u00fc\u00e7\u00fcnc\u00fc ki\u015fileri bilme,<\/li><li>Ki\u015fisel verilerin eksik veya yanl\u0131\u015f i\u015flenmi\u015f olmas\u0131 h\u00e2linde bunlar\u0131n d\u00fczeltilmesini isteme ve bu kapsamda yap\u0131lan i\u015flemin ki\u015fisel verilerin aktar\u0131ld\u0131\u011f\u0131 \u00fc\u00e7\u00fcnc\u00fc ki\u015filere bildirilmesini isteme,<\/li><li>KVK Kanunu ve ilgili di\u011fer kanun h\u00fck\u00fcmlerine uygun olarak i\u015flenmi\u015f olmas\u0131na ra\u011fmen, i\u015flenmesini gerektiren sebeplerin ortadan kalkmas\u0131 h\u00e2linde ki\u015fisel verilerin silinmesini veya yok edilmesini isteme ve bu kapsamda yap\u0131lan i\u015flemin ki\u015fisel verilerin aktar\u0131ld\u0131\u011f\u0131 \u00fc\u00e7\u00fcnc\u00fc ki\u015filere bildirilmesini isteme,<\/li><li>\u0130\u015flenen verilerin m\u00fcnhas\u0131ran otomatik sistemler vas\u0131tas\u0131yla analiz edilmesi suretiyle ki\u015finin kendisi aleyhine bir sonucun ortaya \u00e7\u0131kmas\u0131na itiraz etme,<\/li><li>Ki\u015fisel verilerin kanuna ayk\u0131r\u0131 olarak i\u015flenmesi sebebiyle zarara u\u011framas\u0131 h\u00e2linde zarar\u0131n giderilmesini talep etme.Yukar\u0131da s\u0131ralanan haklar\u0131n\u0131za y\u00f6nelik ba\u015fvurular\u0131n\u0131z\u0131 kimli\u011finizi tespit edici gerekli bilgiler ile KVK Kanunu\u2019nun 11. maddesinde belirtilen haklardan kullanmay\u0131 talep etti\u011finiz hakk\u0131n\u0131za y\u00f6nelik a\u00e7\u0131klamalar\u0131n\u0131z\u0131 i\u00e7eren talebinizi;\u00a0<span class=\"style1\">www.avrasyahospital.com.tr<\/span>\u00a0internet adresinde yer alan\u00a0<em>Veri Sahibi Ba\u015fvuru Formunu doldurarak<\/em>, formun imzal\u0131 bir n\u00fcshas\u0131n\u0131<span class=\"style1\">\u00a0\u2018URLU SA\u011eLIK H\u0130ZMETLER\u0130 T\u0130CARET VE A.\u015e,\u00a0 \u201d Be\u015ftelsiz Mahallesi Seyitnizam Caddesi 101 Sokak No: 107 Zeytinburnu \/ \u0130stanbul\u201d<\/span>\u00a0adresine kimli\u011finizi tespit edici belgeler ile bizzat elden iletebilir, noter kanal\u0131yla veya KVK Kanunu\u2019nda belirtilen di\u011fer y\u00f6ntemler ile g\u00f6nderebilir veya ilgili formu\u00a0 urlu@hs01.kep.tr<span class=\"style1\">\u00a0<\/span>adresine g\u00fcvenli elektronik imzal\u0131 olarak iletebilirsiniz.Hastanemiz, talebin niteli\u011fine g\u00f6re talebi en k\u0131sa s\u00fcrede ve en ge\u00e7 otuz (30) g\u00fcn i\u00e7inde \u00fccretsiz olarak sonu\u00e7land\u0131racakt\u0131r. Ancak, i\u015flemin ayr\u0131ca bir maliyeti gerektirmesi h\u00e2linde, taraf\u0131m\u0131zca Ki\u015fisel Verileri Koruma Kurulu taraf\u0131ndan belirlenen tarifedeki \u00fccret al\u0131nacakt\u0131r.Ba\u015fvurular T\u00fcrk\u00e7e yap\u0131lmal\u0131d\u0131r. Ba\u015fvurularda, ad, soyad\u0131 ve ba\u015fvuru yaz\u0131l\u0131 ise imza, T\u00fcrkiye Cumhuriyeti vatanda\u015flar\u0131 i\u00e7in T.C. kimlik numaras\u0131, yabanc\u0131lar i\u00e7in uyru\u011fu, pasaport numaras\u0131\/kimlik numaras\u0131, tebligata esas yerle\u015fim yeri veya i\u015fyeri adresi, varsa bildirime esas elektronik posta adresi, telefon veya faks numaras\u0131 ve talep konusu bulunmas\u0131 zorunludur.Ki\u015fisel veri sahibinin sahip oldu\u011fu ve yukar\u0131da belirtilen haklar\u0131 kullanmak i\u00e7in yapaca\u011f\u0131 ve kullanmay\u0131 talep etti\u011fi hakka ili\u015fkin a\u00e7\u0131klamalar\u0131 i\u00e7eren ba\u015fvuruda; talep etti\u011fi hususun a\u00e7\u0131k ve anla\u015f\u0131l\u0131r olmas\u0131, talep etti\u011fi konunun \u015fahs\u0131 ile ilgili olmas\u0131 veya ba\u015fkas\u0131 ad\u0131na hareket ediyor ise bu konuda \u00f6zel olarak yetkili olmas\u0131 ve yetkisini belgelendirmesi, ba\u015fvurunun kimlik ve adres bilgilerini i\u00e7ermesi ve ba\u015fvuruya kimli\u011fini tevsik edici belgelerin eklenmesi gerekmektedir.KVK Kanunu kapsam\u0131nda \u201cVeri Sorumlusu\u201d s\u0131fat\u0131yla bildiririz.Sayg\u0131lar\u0131m\u0131zla,<br \/>\u00d6ZEL AVRASYA HASTANES\u0130 ZEYT\u0130NBURNU<br \/>Adres:\u00a0<span class=\"style1\">Be\u015ftelsiz Mahallesi Seyitnizam Caddesi 101 Sokak No: 107 Zeytinburnu \/ \u0130stanbul<\/span><br \/>Tel: +90\u00a0 212 665 50 50<br \/>Faks: + 90 212 665 50 60<br \/>E-Posta: info@avrasyahospital.com.tr<br \/>Mersis No: 0894004670000019<\/li><\/ul><p>Formu indirmek i\u00e7in l\u00fctfen, t\u0131klay\u0131n\u0131z.<\/p><p><span style=\"color: #00ccff;\"><a style=\"color: #00ccff;\" href=\"https:\/\/avrasyahospital.com.tr\/global\/tr\/wp-content\/uploads\/2025\/08\/021-Veri-Sorumlusuna-Basvuru-Formu-Avrasya-Z.burnu_.pdf\" target=\"_blank\" rel=\"noopener\">Veri Sorumlusuna Ba\u015fvuru Formu<\/a><\/span><\/p>\t\t\t\t\t\t\t\t<\/div>\n\t\t\t\t\t<\/div>\n\t\t\t\t<\/div>\n\t\t\t\t<\/div>\n\t\t","protected":false},"excerpt":{"rendered":"<p>\u00d6ZEL AVRASYA HASTANES\u0130 ZEYT\u0130NBURNU 6698 SAYILI K\u0130\u015e\u0130SEL VER\u0130LER\u0130N KORUNMASI MEVZUATI UYARINCA AYDINLATMA METN\u0130 Ki\u015fisel verilerin i\u015flenmesinde ba\u015fta \u00f6zel hayat\u0131n gizlili\u011fi olmak \u00fczere ki\u015filerin temel hak ve \u00f6zg\u00fcrl\u00fcklerini [&hellip;]<\/p>\n","protected":false},"author":1,"featured_media":0,"parent":0,"menu_order":0,"comment_status":"closed","ping_status":"closed","template":"elementor_header_footer","meta":{"footnotes":""},"class_list":["post-1985","page","type-page","status-publish","hentry"],"_links":{"self":[{"href":"https:\/\/avrasyahospital.com.tr\/global\/tr\/wp-json\/wp\/v2\/pages\/1985","targetHints":{"allow":["GET"]}}],"collection":[{"href":"https:\/\/avrasyahospital.com.tr\/global\/tr\/wp-json\/wp\/v2\/pages"}],"about":[{"href":"https:\/\/avrasyahospital.com.tr\/global\/tr\/wp-json\/wp\/v2\/types\/page"}],"author":[{"embeddable":true,"href":"https:\/\/avrasyahospital.com.tr\/global\/tr\/wp-json\/wp\/v2\/users\/1"}],"replies":[{"embeddable":true,"href":"https:\/\/avrasyahospital.com.tr\/global\/tr\/wp-json\/wp\/v2\/comments?post=1985"}],"version-history":[{"count":5,"href":"https:\/\/avrasyahospital.com.tr\/global\/tr\/wp-json\/wp\/v2\/pages\/1985\/revisions"}],"predecessor-version":[{"id":4551,"href":"https:\/\/avrasyahospital.com.tr\/global\/tr\/wp-json\/wp\/v2\/pages\/1985\/revisions\/4551"}],"wp:attachment":[{"href":"https:\/\/avrasyahospital.com.tr\/global\/tr\/wp-json\/wp\/v2\/media?parent=1985"}],"curies":[{"name":"wp","href":"https:\/\/api.w.org\/{rel}","templated":true}]}}