{"id":4561,"date":"2025-08-03T14:29:01","date_gmt":"2025-08-03T14:29:01","guid":{"rendered":"https:\/\/avrasyahospital.com.tr\/global\/tr\/?page_id=4561"},"modified":"2025-08-03T14:31:01","modified_gmt":"2025-08-03T14:31:01","slug":"hakkimizda","status":"publish","type":"page","link":"https:\/\/avrasyahospital.com.tr\/global\/tr\/hakkimizda\/","title":{"rendered":"Hakk\u0131m\u0131zda"},"content":{"rendered":"\t\t<div data-elementor-type=\"wp-page\" data-elementor-id=\"4561\" class=\"elementor elementor-4561\">\n\t\t\t\t<div class=\"elementor-element elementor-element-b073e1f e-flex e-con-boxed e-con e-parent\" data-id=\"b073e1f\" data-element_type=\"container\">\n\t\t\t\t\t<div class=\"e-con-inner\">\n\t\t\t\t<div class=\"elementor-element elementor-element-6315668 elementor-widget elementor-widget-text-editor\" data-id=\"6315668\" data-element_type=\"widget\" data-widget_type=\"text-editor.default\">\n\t\t\t\t\t\t\t\t\t<h2>Hakk\u0131m\u0131zda<\/h2><p>Avrasya Hastanesi Temelden hastane olarak projelendirilip, in\u015fa edilen ve bu \u00f6zelli\u011fiyle say\u0131l\u0131 \u00f6zel hastaneler aras\u0131nda yer alan Avrasya Hastanesi 1999 y\u0131l\u0131nda \u0130stanbul\u2019un Zeytinburnu il\u00e7esinde hizmete girdi.<\/p><p>17000 m<sup>2<\/sup>\u2018lik kapal\u0131 alandan olu\u015fan Avrasya Hastanesi; 135 yatak kapasitesi, 6 adet \u00fcst\u00fcn teknolojik donan\u0131ml\u0131 ameliyathanesi, 3 do\u011fumhanesi, 51 yatakl\u0131 yo\u011fun bak\u0131m \u00fcniteleri (Cerrahi , Koroner, KVC ve Yenido\u011fan Yo\u011fun Bak\u0131m), I\u015f\u0131n tedavisi uygulayabilen Onkoloji Merkezi, 26 bran\u015fta 50\u2019den fazla uzman doktor kadrosu ve 400\u2019e yak\u0131n hasta odakl\u0131 \u00e7al\u0131\u015fan personeli ile 7 g\u00fcn 24 saat hizmet vermektedir.<\/p><p>T\u00fcm hizmetlerinde \u201chasta ve hasta yak\u0131n\u0131 memnuniyetini\u201d ve \u201chasta haklar\u0131n\u0131\u201d esas alan Avrasya Hastanesi, \u201cT\u00fcketiciyle Dost Alt\u0131n Kalite \u00d6d\u00fcl\u00fc\u201dne lay\u0131k g\u00f6r\u00fclen ilk \u00f6zel sa\u011fl\u0131k kurulu\u015fu olma \u00f6zelli\u011fini ta\u015f\u0131maktad\u0131r. T\u00fcketici dergisi, T\u00fcm T\u00fcketicileri Koruma Derne\u011fi,Uluslararas\u0131 First Busines dergisi, gibi kurulu\u015flardan al\u0131nm\u0131\u015f \u201cY\u0131l\u0131n Sa\u011fl\u0131k Kurulu\u015fu\u201d, \u201cSa\u011fl\u0131kta Y\u0131l\u0131n Markas\u0131\u201d, \u201cMarkalar\u0131 marka yapan alt\u0131n adamlar\u201d \u00f6d\u00fclleri bulunmaktad\u0131r.<\/p><p>Kal\u0131c\u0131 ve s\u00fcrd\u00fcr\u00fclebilir bir kalite i\u00e7in, b\u00fct\u00fcn d\u00fcnyan\u0131n kabul etti\u011fi ISO 9001 Kalite Y\u00f6netim Sistemi\u2019ni 2003 y\u0131l\u0131ndan bu yana\u00a0gururla ta\u015f\u0131yan Avrasya Hastanesi; bu do\u011frultuda; idari ve medikal alandaki t\u00fcm \u00e7al\u0131\u015fanlar\u0131na y\u00f6nelik sundu\u011fu e\u011fitimlerle kalitesinin en \u00fcst d\u00fczeyde devaml\u0131l\u0131\u011f\u0131n\u0131 ama\u00e7lamaktad\u0131r.<\/p><p>Avrasya Hastanesi olarak \u00f6ncelikli hedefimiz; halk\u0131m\u0131z\u0131n ve t\u00fcm insanl\u0131\u011f\u0131n sa\u011fl\u0131k sorunlar\u0131na, \u00e7a\u011fda\u015f olanaklar\u0131m\u0131z ve uzman kadrolar\u0131m\u0131zla, yerinde, acil, etkin, kaliteli ve ekonomik \u00e7\u00f6z\u00fcmler \u00fcretmektir.<\/p><p><strong>Hastanemiz;<\/strong><\/p><ul><li><div class=\"inner\">Hastane olarak projelendirilip in\u015fa edilen ender sa\u011fl\u0131k kurulu\u015flar\u0131ndan biridir.<\/div><\/li><li><div class=\"inner\">\u00dclkemizin Onkoloji Merkezi olan ilk \u00f6zel hastanelerinden biridir. Onkoloji Merkezimizde bulunan IGRT \u00f6zellikli Lineer (Linak) akselerat\u00f6r , Trilogy radyoterapi cihazlar\u0131m\u0131zla kanserli hastalar\u0131n \u0131\u015f\u0131n tedavileri yap\u0131lmaktad\u0131r.Ayr\u0131ca Medikal Onkoloji ve Kematerapi Merkezi ilede kansere kar\u015f\u0131 m\u00fccadele eden sa\u011fl\u0131k kurulu\u015flar\u0131ndan birisidir.<\/div><\/li><li><div class=\"inner\">17000 metrekare kapal\u0131 alana sahip, 135 yatakl\u0131 tek ki\u015filik odalar, tam donan\u0131ml\u0131 30 poliklinik odas\u0131, \u00f6zellikli 6 ameliyathanesi, yo\u011fun bak\u0131m servisleri, 3 do\u011fumhanesi, \u00f6zel ambulans\u0131, 150 ara\u00e7l\u0131k \u00f6zel otopark\u0131 ve bol ye\u015fil alana sahip \u00e7evresi.<\/div><\/li><li><div class=\"inner\">Mikrocerrahi ve KVC ameliyatlar\u0131n\u0131n yap\u0131labildi\u011fi 6 \u00f6zellikli ameliyathanesi ile Avrupa ve Amerika\u2019daki benzer hastanelerde bulunan pozitif bas\u0131n\u00e7l\u0131 y\u00fczde y\u00fcz temiz hava sirk\u00fclasyonlu, kondaktif zemin kaplamal\u0131 ameliyathaneler T\u00fcrk t\u0131bb\u0131na hizmet etmektedir.<\/div><\/li><li><div class=\"inner\">Endoskopi \u00fcnitemizde ERCP dahil Gastroskopi, Kolonoskopi, Rektoskopi, Bantligasyon gibi \u00e7e\u015fitli endoskopik giri\u015fimler yap\u0131lmaktad\u0131r.<\/div><\/li><li><div class=\"inner\">128 Kesitli BT Anjiyo MR 1,5 Tesla Cihaz\u0131 ve CR sistemi ile Tomografi ve R\u00f6ntgen g\u00f6r\u00fcnt\u00fcleri internet kanal\u0131yla t\u00fcm d\u00fcnyadaki hekimlerle payla\u015f\u0131labilmekte ve kons\u00fclte edilmektedir.<\/div><\/li><li><div class=\"inner\">T\u0131bbi tetkik \u00fcnitelerimizin \u00f6nemli bir b\u00f6l\u00fcm\u00fc olan laboratuarlar\u0131m\u0131zda biyokimya, mikrobiyoloji, patoloji incelemeleri yap\u0131lmaktad\u0131r.<\/div><\/li><li><div class=\"inner\">Yeni do\u011fan yo\u011fun bak\u0131m, yeti\u015fkin yo\u011fun bak\u0131m \u00fcnitelerimiz mevcuttur.<\/div><\/li><li><div class=\"inner\">26 Bran\u015fta 50\u2019yi a\u015fk\u0131n uzman ve akademik kariyerli hekimiyle kesintisiz hizmet vermektedir.<\/div><\/li><li><div class=\"inner\">350\u2019ye yak\u0131n hasta odakl\u0131 \u00e7al\u0131\u015fan personelle hizmet vermektedir.<\/div><\/li><\/ul><p><em><strong>\u2018H\u0130\u00c7B\u0130R \u015eEY \u0130NSAN VE SA\u011eLIK KADAR \u00d6NEML\u0130 DE\u011e\u0130LD\u0130R\u2019 PRENS\u0130B\u0130YLE; YASAL \u015eARTLARA UYGUN OLARAK H\u0130ZMETTE KAL\u0130TE, HASTALARIMIZIN \u00dcST D\u00dcZEYDE TATM\u0130N\u0130 VE KURUMUMUZDA VER\u0130ML\u0130L\u0130K \u00d6NCEL\u0130\u011e\u0130M\u0130ZD\u0130R.<\/strong><br \/><br \/><\/em><\/p><ul><li>Hasta, \u00e7al\u0131\u015fan ve tesis g\u00fcvenli\u011fi \u00f6nceliklidir.<\/li><li>Hatalar\u0131n insanlardan de\u011fil s\u00fcre\u00e7lerden kaynakland\u0131\u011f\u0131n\u0131n bilincinde olarak, sistemimizi s\u00fcrekli g\u00f6zden ge\u00e7irme ve iyile\u015ftirme \u00e7al\u0131\u015fmalar\u0131na \u00f6nem veririz.<\/li><li>Toplam kalite anlay\u0131\u015f\u0131 do\u011frultusunda hastalar\u0131m\u0131z\u0131n beklenti ve memnuniyetine odakl\u0131 kalite bilinci daima \u00f6nceli\u011fimizdir.<\/li><li>Hastalar\u0131m\u0131z\u0131n ve tedarik\u00e7ilerimizin bize duyduklar\u0131 g\u00fcveni hi\u00e7bir zaman sarsmadan, d\u00fcr\u00fcst, kaliteli ve ekonomik sa\u011fl\u0131k hizmeti sunar\u0131z.<\/li><li>\u00c7al\u0131\u015fanlar\u0131m\u0131z\u0131n de\u011ferli olduklar\u0131 bilincinden hareket ile onlar\u0131 e\u011fitimlerle destekler, iyile\u015ftirme s\u00fcre\u00e7lerinde etkin olmalar\u0131n\u0131 sa\u011flar\u0131z.<\/li><li>\u00c7al\u0131\u015fanlar\u0131m\u0131z\u0131n gurur duyduklar\u0131 \u00e7al\u0131\u015fma ortam\u0131n\u0131 sa\u011flar, ba\u015far\u0131lar\u0131n\u0131 birlikte kutlar\u0131z..<\/li><li>Doktorlar\u0131m\u0131z\u0131 i\u015f ortaklar\u0131m\u0131z olarak kabul eder, iyile\u015ftirme s\u00fcre\u00e7lerinde daima birlikte hareket ederiz.<\/li><li>Teknolojik yenilikleri, bilimsel ve y\u00f6netsel geli\u015fmeleri s\u00fcrekli takip ederek hastalar\u0131m\u0131z\u0131n hizmetine sunar\u0131z.<\/li><li>Ulusal ve uluslar aras\u0131 sa\u011fl\u0131k ve e\u011fitim kurumlar\u0131yla stratejik i\u015fbirlikleri yaparak, g\u00fcncel bilgi, teknoloji ve metodlar\u0131 kullan\u0131r\u0131z.<\/li><li>Toplumun sa\u011fl\u0131k, e\u011fitim ve \u00e7evre sorunlar\u0131na duyarl\u0131 davran\u0131r, destekleyici faaliyetlerde yer al\u0131r\u0131z.<\/li><li>Kurumsal ve mesleki etik ilkeler do\u011frultusunda kaliteli sa\u011fl\u0131k hizmeti \u00fcretir ve sunar\u0131z.<\/li><\/ul>\t\t\t\t\t\t\t\t<\/div>\n\t\t\t\t\t<\/div>\n\t\t\t\t<\/div>\n\t\t\t\t<\/div>\n\t\t","protected":false},"excerpt":{"rendered":"<p>Hakk\u0131m\u0131zda Avrasya Hastanesi Temelden hastane olarak projelendirilip, in\u015fa edilen ve bu \u00f6zelli\u011fiyle say\u0131l\u0131 \u00f6zel hastaneler aras\u0131nda yer alan Avrasya Hastanesi 1999 y\u0131l\u0131nda \u0130stanbul\u2019un Zeytinburnu il\u00e7esinde hizmete girdi. [&hellip;]<\/p>\n","protected":false},"author":1,"featured_media":0,"parent":0,"menu_order":0,"comment_status":"closed","ping_status":"closed","template":"elementor_header_footer","meta":{"footnotes":""},"class_list":["post-4561","page","type-page","status-publish","hentry"],"_links":{"self":[{"href":"https:\/\/avrasyahospital.com.tr\/global\/tr\/wp-json\/wp\/v2\/pages\/4561","targetHints":{"allow":["GET"]}}],"collection":[{"href":"https:\/\/avrasyahospital.com.tr\/global\/tr\/wp-json\/wp\/v2\/pages"}],"about":[{"href":"https:\/\/avrasyahospital.com.tr\/global\/tr\/wp-json\/wp\/v2\/types\/page"}],"author":[{"embeddable":true,"href":"https:\/\/avrasyahospital.com.tr\/global\/tr\/wp-json\/wp\/v2\/users\/1"}],"replies":[{"embeddable":true,"href":"https:\/\/avrasyahospital.com.tr\/global\/tr\/wp-json\/wp\/v2\/comments?post=4561"}],"version-history":[{"count":4,"href":"https:\/\/avrasyahospital.com.tr\/global\/tr\/wp-json\/wp\/v2\/pages\/4561\/revisions"}],"predecessor-version":[{"id":4565,"href":"https:\/\/avrasyahospital.com.tr\/global\/tr\/wp-json\/wp\/v2\/pages\/4561\/revisions\/4565"}],"wp:attachment":[{"href":"https:\/\/avrasyahospital.com.tr\/global\/tr\/wp-json\/wp\/v2\/media?parent=4561"}],"curies":[{"name":"wp","href":"https:\/\/api.w.org\/{rel}","templated":true}]}}