{"id":4567,"date":"2025-08-03T14:33:12","date_gmt":"2025-08-03T14:33:12","guid":{"rendered":"https:\/\/avrasyahospital.com.tr\/global\/tr\/?page_id=4567"},"modified":"2025-08-03T14:35:19","modified_gmt":"2025-08-03T14:35:19","slug":"refakat-bilgileri","status":"publish","type":"page","link":"https:\/\/avrasyahospital.com.tr\/global\/tr\/refakat-bilgileri\/","title":{"rendered":"Refakat Bilgileri"},"content":{"rendered":"\t\t<div data-elementor-type=\"wp-page\" data-elementor-id=\"4567\" class=\"elementor elementor-4567\">\n\t\t\t\t<div class=\"elementor-element elementor-element-785437f e-flex e-con-boxed e-con e-parent\" data-id=\"785437f\" data-element_type=\"container\">\n\t\t\t\t\t<div class=\"e-con-inner\">\n\t\t\t\t<div class=\"elementor-element elementor-element-abb7e4d elementor-widget elementor-widget-text-editor\" data-id=\"abb7e4d\" data-element_type=\"widget\" data-widget_type=\"text-editor.default\">\n\t\t\t\t\t\t\t\t\t<h3>SAYIN HASTA VE REFAKAT\u00c7\u0130LER\u0130N\u0130N D\u0130KKAT\u0130NE\u2026<br \/><br \/><\/h3><p><strong>HEM\u015e\u0130REL\u0130K H\u0130ZMETLER\u0130<br \/><\/strong>\u2022\u00a0\u00a0 \u00a0Yat\u0131\u015f i\u015flemi ger\u00e7ekle\u015ftikten sonra hasta, katta odas\u0131na al\u0131n\u0131r. Servis hem\u015firesi sizi odan\u0131za yerle\u015ftirecek, hem\u015fire \u00e7a\u011fr\u0131 sistemi, banyo, televizyon ve yatak kullan\u0131m\u0131 ile ilgili size bilgi verecektir.<br \/>\u2022\u00a0\u00a0 \u00a0Hem\u015firelik hizmeti ile ilgili dan\u0131\u015fman\u0131z gereken herhangi bir konu oldu\u011funda, servisin sorumlu hem\u015firesi ile ileti\u015fim kurabilirsiniz.<br \/>\u2022\u00a0\u00a0 \u00a0Yatak ba\u015fucunda ve banyolar\u0131m\u0131zda bulunan, AC\u0130L HEM\u015e\u0130RE \u00c7A\u011eRI Z\u0130L\u0130 arac\u0131l\u0131\u011f\u0131yla, acil olan ihtiya\u00e7lar\u0131n\u0131zda, hem\u015firelerimiz sizin yan\u0131n\u0131za ula\u015facakt\u0131r. Refakat\u00e7i hastaya ba\u011fl\u0131 bulunan ekipmanlara (serum, monit\u00f6r, oksijen vb.) kesinlikle m\u00fcdahale etmeyecektir. \u0130htiya\u00e7 duydu\u011funda hasta yata\u011f\u0131 ba\u015f\u0131ndaki \u201cAC\u0130L HEM\u015e\u0130RE \u00c7A\u011eRI Z\u0130L\u0130\u201d ni kullanarak hem\u015fireyi davet edecektir.<br \/>\u2022\u00a0\u00a0 \u00a0Tedavinizin sonraki a\u015famalar\u0131 i\u00e7in, kat\u0131n\u0131zda g\u00f6revli hem\u015firelerimiz size yard\u0131mc\u0131 olacakt\u0131r.<\/p><p><strong>REFAKAT H\u0130ZMETLER\u0130<\/strong><br \/>\u2022\u00a0\u00a0 \u00a0Yan\u0131n\u0131zda refakat\u00e7i bulundurma hakk\u0131na sahipsiniz. \u00a0Her hasta i\u00e7in bir refakat\u00e7i e\u015flik edebilir.<br \/>ODANIZ<br \/>\u2022\u00a0\u00a0 \u00a0Odalar\u0131m\u0131z tek hasta hizmetine y\u00f6neliktir.<br \/>\u2022\u00a0\u00a0 \u00a0Televizyonun sesini, di\u011fer hastalar\u0131 rahats\u0131z etmeyecek \u015fekilde a\u00e7maya \u00f6zen g\u00f6steriniz.<br \/>\u2022\u00a0\u00a0 \u00a0Size gelen \u00e7i\u00e7ekler, enfeksiyon riski ta\u015f\u0131d\u0131\u011f\u0131ndan, odan\u0131z d\u0131\u015f\u0131nda bulundurulmas\u0131 sa\u011fl\u0131\u011f\u0131n\u0131z a\u00e7\u0131s\u0131ndan gereklidir.<br \/>\u2022\u00a0\u00a0 \u00a0Oda numaran\u0131z ile odan\u0131z\u0131n telefon numaras\u0131 ayn\u0131d\u0131r. Sizi arayacak olan yak\u0131nlar\u0131n\u0131z (0212 665 50 50) nolu telefonu \u00e7evirdikten sonra oda numaran\u0131z\u0131 tu\u015flad\u0131klar\u0131nda, size direk olarak ula\u015facaklard\u0131r.<br \/>\u2022\u00a0\u00a0 \u00a0De\u011ferli e\u015fyalar\u0131n\u0131z\u0131, yan\u0131n\u0131zda bulundurmaman\u0131z\u0131 rica ederiz.<br \/>\u2022\u00a0\u00a0 \u00a0K\u0131ymetli e\u015fyalar\u0131n\u0131z\u0131 a\u00e7\u0131kta b\u0131rakmay\u0131n\u0131z ve koruyunuz.<br \/>\u2022\u00a0\u00a0 \u00a0Hastanemize yat\u0131\u015f, s\u0131ras\u0131nda hasta \u00fczerinde bulunan her t\u00fcrl\u00fc de\u011ferli e\u015fya, hasta taraf\u0131ndan, kendi yak\u0131n\u0131na teslim edilmektedir. Kaybolan e\u015fyalar\u0131n\u0131zdan hastanemiz sorumlu de\u011fildir.<br \/>\u2022\u00a0\u00a0 \u00a0K\u0131yafetlerinizi ve di\u011fer e\u015fyalar\u0131n\u0131z\u0131 muhafaza edebilmeniz i\u00e7in dolab\u0131n\u0131z bulunmaktad\u0131r.<br \/>\u2022\u00a0\u00a0 \u00a0D\u0131\u015far\u0131dan koku yapacak tarzda yiyecek getirmeyiniz.<br \/>\u2022\u00a0\u00a0 \u00a0Odan\u0131za giren tan\u0131mad\u0131\u011f\u0131n\u0131z ki\u015fileri kat g\u00f6revlilerine bildiriniz.<br \/>\u2022\u00a0\u00a0 \u00a0Servis koridorunda oturmay\u0131n\u0131z ve y\u00fcksek sesle konu\u015fmay\u0131n\u0131z.<\/p><p><strong>V\u0130Z\u0130TLER<\/strong><br \/>\u2022\u00a0\u00a0 \u00a0Doktorunuz, sabah ve ak\u015fam olmak \u00fczere sizi g\u00f6recek, g\u00fcn\u00fcn di\u011fer saatlerinde ise sa\u011fl\u0131k durumunuzla ilgili olarak hem\u015fireniz sizinle irtibatta olacakt\u0131r.<\/p><p><strong>YATAK<\/strong><br \/>\u2022\u00a0\u00a0 \u00a0T\u00fcm odalarda kullan\u0131lan yataklar, ortopedik olup, otomatik y\u00fckseklik ayarl\u0131d\u0131r.<\/p><p><strong>KAHVALTI VE YEMEK SAATLER\u0130<\/strong><br \/>\u2022\u00a0\u00a0 \u00a0Yemek servisi, yemekhane personeli taraf\u0131ndan, servis kat\u0131 odalar\u0131na, a\u015fa\u011f\u0131da belirtilen saatler aras\u0131nda yap\u0131lmaktad\u0131r.<br \/>Sabah: \u00a007:00 \u2013 08:00<br \/>\u00d6\u011fle : \u00a0 \u00a011:30 \u2013 13:00<br \/>Ak\u015fam: 17:30 \u2013 18:30<\/p><p><strong>Z\u0130YARET SAATLER\u0130<\/strong><br \/>\u2022\u00a0\u00a0 \u00a0Ziyaretlerinizi ak\u015fam saat 22:00\u2019ye kadar yapabilirsiniz. \u00c7ocuklar\u0131n ziyarete getirilmemesi ve m\u00fcmk\u00fcn oldu\u011funca, ziyaret saatinin k\u0131sa tutulmas\u0131, hastam\u0131z\u0131n istirahat yapabilmesi a\u00e7\u0131s\u0131ndan sa\u011fl\u0131kl\u0131 olacakt\u0131r.<\/p><p><strong>\u015e\u0130KAYETLER\u0130N\u0130Z<\/strong><br \/>\u2022\u00a0\u00a0 \u00a0\u015eikayetlerinizi, hasta haklar\u0131 sorumlumuza iletebilir ya da dilek, \u00f6neri ve ele\u015ftiri kutusuna \u015fikayetlerinizi veya \u00f6nerilerinizi atabilirsiniz.<br \/>\u2022\u00a0\u00a0 \u00a0\u015eikayetleriniz, titizlikle, hasta haklar\u0131 komisyonumuz taraf\u0131ndan incelenmektedir.<\/p><p><strong>MESC\u0130D\/ \u0130BADETHANE<\/strong><br \/>\u2022\u00a0\u00a0 \u00a0Hastanemiz mescid\/ibadethane -2 katta Bay ve Bayan olmak \u00fczere hizmet vermektedir.<\/p>\t\t\t\t\t\t\t\t<\/div>\n\t\t\t\t\t<\/div>\n\t\t\t\t<\/div>\n\t\t\t\t<\/div>\n\t\t","protected":false},"excerpt":{"rendered":"<p>SAYIN HASTA VE REFAKAT\u00c7\u0130LER\u0130N\u0130N D\u0130KKAT\u0130NE\u2026 HEM\u015e\u0130REL\u0130K H\u0130ZMETLER\u0130\u2022\u00a0\u00a0 \u00a0Yat\u0131\u015f i\u015flemi ger\u00e7ekle\u015ftikten sonra hasta, katta odas\u0131na al\u0131n\u0131r. Servis hem\u015firesi sizi odan\u0131za yerle\u015ftirecek, hem\u015fire \u00e7a\u011fr\u0131 sistemi, banyo, televizyon ve yatak [&hellip;]<\/p>\n","protected":false},"author":1,"featured_media":0,"parent":0,"menu_order":0,"comment_status":"closed","ping_status":"closed","template":"elementor_header_footer","meta":{"footnotes":""},"class_list":["post-4567","page","type-page","status-publish","hentry"],"_links":{"self":[{"href":"https:\/\/avrasyahospital.com.tr\/global\/tr\/wp-json\/wp\/v2\/pages\/4567","targetHints":{"allow":["GET"]}}],"collection":[{"href":"https:\/\/avrasyahospital.com.tr\/global\/tr\/wp-json\/wp\/v2\/pages"}],"about":[{"href":"https:\/\/avrasyahospital.com.tr\/global\/tr\/wp-json\/wp\/v2\/types\/page"}],"author":[{"embeddable":true,"href":"https:\/\/avrasyahospital.com.tr\/global\/tr\/wp-json\/wp\/v2\/users\/1"}],"replies":[{"embeddable":true,"href":"https:\/\/avrasyahospital.com.tr\/global\/tr\/wp-json\/wp\/v2\/comments?post=4567"}],"version-history":[{"count":4,"href":"https:\/\/avrasyahospital.com.tr\/global\/tr\/wp-json\/wp\/v2\/pages\/4567\/revisions"}],"predecessor-version":[{"id":4571,"href":"https:\/\/avrasyahospital.com.tr\/global\/tr\/wp-json\/wp\/v2\/pages\/4567\/revisions\/4571"}],"wp:attachment":[{"href":"https:\/\/avrasyahospital.com.tr\/global\/tr\/wp-json\/wp\/v2\/media?parent=4567"}],"curies":[{"name":"wp","href":"https:\/\/api.w.org\/{rel}","templated":true}]}}